{"id":67,"date":"2010-03-29T13:43:34","date_gmt":"2010-03-29T12:43:34","guid":{"rendered":"http:\/\/www.klangwerkstatt-amberg.de\/?page_id=67"},"modified":"2025-09-24T14:34:25","modified_gmt":"2025-09-24T13:34:25","slug":"startseite","status":"publish","type":"page","link":"https:\/\/www.klangwerkstatt-amberg.de\/","title":{"rendered":"Startseite"},"content":{"rendered":"<p>Herzlich Willkommen auf der Internetpr\u00e4senz der Musikschule Klangwerkstatt Amberg.<br>Ein Musikschulkonzept f\u00fcr Jung und Alt.<\/p>\n<p>&nbsp;<\/p>\n<p>Wir bieten qualifizierten Unterricht in allen F\u00e4chern und Stilrichtungen, von Klassik bis Jazz.<\/p>\n<p>F\u00fcr die Kinder von 4-6 Jahren bieten wir Gruppen in <a href=\"http:\/\/www.klangwerkstatt-amberg.de\/?page_id=33\" target=\"_self\" rel=\"noopener noreferrer\">Musikalischer Fr\u00fcherziehung an<\/a><br>Selbstverst\u00e4ndlich k\u00f6nnen Sie in unserem Haus qualifizierten Einzel- und Gruppenunterricht f\u00fcr <a href=\"http:\/\/www.klangwerkstatt-amberg.de\/?page_id=38\" target=\"_self\" rel=\"noopener noreferrer\">alle Instrumente<\/a>, kombiniert mit theoretischer Ausbildung, erhalten.<\/p>\n<p>Wir garantieren <a href=\"http:\/\/www.klangwerkstatt-amberg.de\/?page_id=24\" target=\"_self\" rel=\"noopener noreferrer\">kompetente Lehrkr\u00e4fte<\/a>: Die Mindestanforderung f\u00fcr eine Lehrt\u00e4tigkeit an unserer Schule ist der erfolgreiche Abschluss einer Berufsfachschule f\u00fcr Musik. Die meisten unserer Lehrer besitzen das Diplom eines Konservatoriums oder einer Musikhochschule. Wir m\u00f6chten Ihnen beweisen, dass Unterricht nicht gleich Unterricht ist. Wir verbinden fachliche Kompetenz mit moderner p\u00e4dagogischer Aufbereitung der Lehrinhalte.<\/p>\n<p>Das engagierte, professionelle Team der &#8222;Klangwerkstatt&#8220; Amberg arbeitet auf rein privatwirtschaftlicher Basis und verf\u00fcgt daher \u00fcber keinerlei \u00f6ffentliche Subventionen. Dennoch haben wir uns zum Ziel gesetzt, Ihnen umfassend qualifizierten Musikunterricht zu&nbsp;<a href=\"http:\/\/www.klangwerkstatt-amberg.de\/wp-content\/uploads\/preisliste-musikschule-klangwerkstatt.pdf\" target=\"_self\" rel=\"noopener noreferrer\">fairen Preisen <\/a>zu bieten.<\/p>\n<p>Kostenlose Probestunde!!!<\/p>\n<p>F\u00fcr alle weiteren Fragen wenden Sie sich bitte direkt an uns.<\/p>\n<p>Wir freuen uns auf Ihren Anruf.<\/p>\n<p>Ihr Team von der Musikschule &#8222;Klangwerkstatt&#8220; Amberg<\/p>\n\n\n<p><\/p>\n\n\n\n<p><\/p>\n","protected":false},"excerpt":{"rendered":"<p>Herzlich Willkommen auf der Internetpr\u00e4senz der Musikschule Klangwerkstatt Amberg.Ein Musikschulkonzept f\u00fcr Jung und Alt. &nbsp; Wir bieten qualifizierten Unterricht in allen F\u00e4chern und Stilrichtungen, von Klassik bis Jazz. F\u00fcr die Kinder von 4-6 Jahren bieten wir Gruppen in Musikalischer Fr\u00fcherziehung anSelbstverst\u00e4ndlich k\u00f6nnen Sie in unserem Haus qualifizierten Einzel- und Gruppenunterricht f\u00fcr alle Instrumente, kombiniert mit [&hellip;]<\/p>\n","protected":false},"author":1,"featured_media":0,"parent":0,"menu_order":0,"comment_status":"closed","ping_status":"open","template":"","meta":{"ngg_post_thumbnail":0,"footnotes":""},"class_list":["post-67","page","type-page","status-publish","hentry"],"_links":{"self":[{"href":"https:\/\/www.klangwerkstatt-amberg.de\/index.php?rest_route=\/wp\/v2\/pages\/67","targetHints":{"allow":["GET"]}}],"collection":[{"href":"https:\/\/www.klangwerkstatt-amberg.de\/index.php?rest_route=\/wp\/v2\/pages"}],"about":[{"href":"https:\/\/www.klangwerkstatt-amberg.de\/index.php?rest_route=\/wp\/v2\/types\/page"}],"author":[{"embeddable":true,"href":"https:\/\/www.klangwerkstatt-amberg.de\/index.php?rest_route=\/wp\/v2\/users\/1"}],"replies":[{"embeddable":true,"href":"https:\/\/www.klangwerkstatt-amberg.de\/index.php?rest_route=%2Fwp%2Fv2%2Fcomments&post=67"}],"version-history":[{"count":53,"href":"https:\/\/www.klangwerkstatt-amberg.de\/index.php?rest_route=\/wp\/v2\/pages\/67\/revisions"}],"predecessor-version":[{"id":483,"href":"https:\/\/www.klangwerkstatt-amberg.de\/index.php?rest_route=\/wp\/v2\/pages\/67\/revisions\/483"}],"wp:attachment":[{"href":"https:\/\/www.klangwerkstatt-amberg.de\/index.php?rest_route=%2Fwp%2Fv2%2Fmedia&parent=67"}],"curies":[{"name":"wp","href":"https:\/\/api.w.org\/{rel}","templated":true}]}}